{"id":22,"date":"2019-02-14T16:34:41","date_gmt":"2019-02-14T16:34:41","guid":{"rendered":"http:\/\/moneyformadagascar.org\/?page_id=22"},"modified":"2020-02-28T15:40:00","modified_gmt":"2020-02-28T15:40:00","slug":"wheels","status":"publish","type":"page","link":"https:\/\/moneyformadagascar.org\/cy\/what-we-do\/wheels\/","title":{"rendered":"WHEELS"},"content":{"rendered":"<p><\/p>\n<h2><span style=\"color: #808000;\">W \u2013 D\u0175r (Water):<\/span><\/h2>\n<h4>Y mae llai na hanner poblogaeth Madagascar \u00e2 mynediad i gyflenwad d\u0175r wedi\u2019i drin. Yn \u00f4l WaterAid y mae 62\/1000 o blant o dan 5 mlwydd oed yn marw ym Madagascar o ddolur rhydd bob blwyddyn. Rydym ni\u2019n noddi adeiladu gorsafoedd d\u0175r mewn pentrefi ac ysgolion sydd yn rhy bell o gyflenwad d\u0175r cyhoeddus. Yn ystod y 5 mlynedd ddiwethaf rydym wedi darparu d\u0175r yfed diogel, cyfleusterau ymolchi a d\u0175r ar gyfer dyfrhau gerddi cegin mewn ysgolion ar gyfer 26 o gymunedau.<\/h4>\n<p>&nbsp;<\/p>\n<h2><span style=\"color: #808000;\">H \u2013 Iechyd (Health):<\/span><\/h2>\n<h4>Nid yw un ymhob deg o blant Madagascar yn byw i ddathlu eu pen-blwydd yn 10 oed! Y mae gofal iechyd sylfaenol yn anodd cael gafael arno ar gyfer y boblogaeth wledig ac yn anfforddiadwy i\u2019r tlawd sy\u2019n byw yn y trefi sy\u2019n crafu byw ar lai na $2 y dydd. Bob blwyddyn rydym ni\u2019n edrych ar \u00f4l anghenion meddygol a deintyddol dros 1,000 o blant sy\u2019n cael lloches yn ein canolfannau dydd yn ardal prifddinas Madagascar. Mewn achosion difrifol rydym ni\u2019n talu am driniaethau sy\u2019n achub bywyd a llawdriniaeth mewn ysbyty. Y mae\u2019r gefnogaeth hirdymor a ddarparwn ar ffurf prydau maethlon, addysg iechyd a thriniaeth systematig o anhwylderau sy\u2019n galluogi\u2019r plant i adfer eu hiechyd, cryfder a\u2019u gwytnwch.<\/h4>\n<p>&nbsp;<\/p>\n<h2><span style=\"color: #808000;\">E \u2013 Addysg a Lles Plant (Education and Child Welfare):<\/span><\/h2>\n<h2><a href=\"http:\/\/moneyformadagascar.org\/wp-content\/uploads\/2019\/08\/MfM-Wheels.pdf\"><span style=\"color: #808000;\"><img loading=\"lazy\" decoding=\"async\" class=\"size-medium wp-image-389 alignright\" style=\"background-color: transparent; color: #333333; float: right; font-family: &amp;quot; roboto&amp;quot;,arial; font-size: 24px; font-style: normal; font-variant: normal; font-weight: bold; height: 213px; letter-spacing: normal; max-width: 1380px; orphans: 2; outline-color: #72777c; outline-style: solid; outline-width: 1px; text-align: left; text-decoration: none; text-indent: 0px; text-transform: none; -webkit-text-stroke-width: 0px; white-space: normal; word-spacing: 0px; margin: 12px 0px 12px 24px;\" src=\"http:\/\/moneyformadagascar.org\/wp-content\/uploads\/2019\/03\/4-300x213.png\" alt=\"\" width=\"300\" height=\"213\" srcset=\"https:\/\/moneyformadagascar.org\/wp-content\/uploads\/2019\/03\/4-300x213.png 300w, https:\/\/moneyformadagascar.org\/wp-content\/uploads\/2019\/03\/4-768x545.png 768w, https:\/\/moneyformadagascar.org\/wp-content\/uploads\/2019\/03\/4-600x426.png 600w, https:\/\/moneyformadagascar.org\/wp-content\/uploads\/2019\/03\/4.png 890w\" sizes=\"auto, (max-width: 300px) 100vw, 300px\" \/><\/span><\/a><\/h2>\n<h4>Mewn gwlad ble nad yw 1 o bob 4 o blant yn cwblhau addysg gynradd a dim ond traean o\u2019r rheiny sy\u2019n cwblhau addysg gynradd \u2026 Y mae llawer o waith i\u2019w wneud i sicrhau bod modd cael mynediad at addysg. Y mae ystafelloedd dosbarth annigonol yn broblem allweddol, felly mae MfM yn darparu grantiau ar gyfer adeiladu ystafelloedd dosbarth newydd i ysgolion neu\u2019n ailosod rhai a ddifrodwyd gan seiclonau. Ers 2005 rydym ni wedi noddi adeiladu neu atgyweirio dros 100 ystafell ddosbarth. Er mwyn i blant lwyddo mae angen athrawon medrus, brwdfrydig sydd ag adnoddau sylfaenol fel gwerslyfrau. Y mae rhaglen Addysg er mwyn Bywyd (Ed4Life) yn helpu cyflenwi athrawon gyda\u2019r adnoddau sydd eu hangen arnynt i ysbrydoli\u2019r genhedlaeth nesaf. Mae dros 10,000 o fyfyrwyr mewn 56 ysgol wedi elwa o\u2019r rhaglen hon yn ystod y 6 blynedd diwethaf. Y mae pob ysgol yn elwa o: hyfforddiant athrawon, addysg amgylcheddol, llyfrgelloedd ysgol, ynni solar, d\u0175r toiledau, gerddi cegin i ysgolion a ffreuturiau ysgol.<br \/>\nI rai plant mae\u2019n amhosibl cael mynediad at addysg prif ffrwd. Drwy gefnogi 7 canolfan ar gyfer pobl ifanc ddiymgeledd ac agored i niwed, rydym ni\u2019n galluogi dros 1,000 o blant y flwyddyn i gael mynediad at addysg. Y mae cefnogaeth hirdymor o blant unigol yn eu galluogi nhw i aros gyda\u2019u haddysg a chyrraedd at gymwysterau academaidd a galwedigaethol. Rhoddir cymorth hefyd i gynorthwyo pobl ifanc i ddarganfod neu i greu eu cyflogaeth eu hunain ar ddiwedd eu hastudiaethau.<\/h4>\n<p>&nbsp;<\/p>\n<h2><span style=\"color: #808000;\">E \u2013 Amgylchedd (Environment):<\/span><\/h2>\n<h2><a href=\"http:\/\/moneyformadagascar.org\/wp-content\/uploads\/2019\/08\/MfM-Wheels.pdf\"><span style=\"color: #808000;\"><img loading=\"lazy\" decoding=\"async\" class=\"size-medium wp-image-387 alignright\" style=\"margin: 12px 0px 12px 24px; outline: #72777c solid 1px; height: 215px; text-align: left; color: #333333; text-transform: none; text-indent: 0px; letter-spacing: normal; font-size: 24px; font-style: normal; font-variant: normal; text-decoration: none; word-spacing: 0px; white-space: normal; max-width: 1380px; orphans: 2; float: right; -webkit-text-stroke-width: 0px; background-color: transparent;\" src=\"http:\/\/moneyformadagascar.org\/wp-content\/uploads\/2019\/03\/1-300x215.png\" alt=\"\" width=\"300\" height=\"215\" srcset=\"https:\/\/moneyformadagascar.org\/wp-content\/uploads\/2019\/03\/1-300x215.png 300w, https:\/\/moneyformadagascar.org\/wp-content\/uploads\/2019\/03\/1-768x551.png 768w, https:\/\/moneyformadagascar.org\/wp-content\/uploads\/2019\/03\/1-600x430.png 600w, https:\/\/moneyformadagascar.org\/wp-content\/uploads\/2019\/03\/1.png 874w\" sizes=\"auto, (max-width: 300px) 100vw, 300px\" \/><\/span><\/a><\/h2>\n<h4>Rydym ni\u2019n noddi prosiectau mewn mwy na 100 pentref gan gynnwys ailgoedwigo, diogelwch bwyd ac addysg amgylcheddol. Bydd y prosiectau hyn yn gwarchod cynefinoedd bywyd gwyllt prin ac yn galluogi cymunedau lleol o\u2019u cwmpas i ddatblygu bywoliaeth mewn amaeth, garddwriaeth a gofal anifeiliaid ar yr un pryd, ochr yn ochr \u00e2\u2019r coedwigoedd.<br \/>\nAr arfordir gorllewinol pellaf Madagascar rydym ni\u2019n cefnogi prosiect menywod sydd wedi sefydlu eu meithrinfeydd coed eu hunain ac sydd wedi plannu dros 50,000 o goed er mwyn creu coetiroedd newydd cynaliadwy ar gyfer y bywyd gwyllt ac ar gyfer eu hanghenion domestig hwy eu hunain.<\/h4>\n<p>Y mae David Attenborough wedi cydnabod ein gwaith angenrheidiol ni wrth ymestyn y coedwigoedd glaw cynhenid dwyreiniol unigryw sydd yn Andasibe. Drwy blannu coridorau bywyd gwyllt o goedydd brodorol rydym ni\u2019n galluogi\u2019r goedwig i adfywio a bywyd gwyllt sydd wedi\u2019u hynysu i ddod o hyd i bartneriaid newydd i gymharu \u00e2 hwy. Rydym ni wrthi ar hyn o bryd yn plannu 10,000 o goed y flwyddyn. Fe hoffem ni gynyddu\u2019r gyfradd flynyddol hon.<\/p>\n<p>&nbsp;<\/p>\n<h2><span style=\"color: #808000;\">L \u2013 Bywoliaeth (Livelihoods):<\/span><\/h2>\n<h4><a href=\"http:\/\/moneyformadagascar.org\/wp-content\/uploads\/2019\/08\/MfM-Wheels.pdf\"><span style=\"color: #808000;\"><img loading=\"lazy\" decoding=\"async\" class=\"size-medium wp-image-388 alignright\" style=\"background-color: transparent; color: #333333; float: right; font-family: &amp;quot; roboto&amp;quot;,arial; font-size: 16px; font-style: normal; font-variant: normal; font-weight: bold; height: 212px; letter-spacing: normal; max-width: 1380px; orphans: 2; outline-color: #72777c; outline-style: solid; outline-width: 1px; text-align: left; text-decoration: none; text-indent: 0px; text-transform: none; -webkit-text-stroke-width: 0px; white-space: normal; word-spacing: 0px; margin: 8px 0px 8px 16px;\" src=\"http:\/\/moneyformadagascar.org\/wp-content\/uploads\/2019\/03\/2-300x212.png\" alt=\"\" width=\"300\" height=\"212\" srcset=\"https:\/\/moneyformadagascar.org\/wp-content\/uploads\/2019\/03\/2-300x212.png 300w, https:\/\/moneyformadagascar.org\/wp-content\/uploads\/2019\/03\/2-768x544.png 768w, https:\/\/moneyformadagascar.org\/wp-content\/uploads\/2019\/03\/2-600x425.png 600w, https:\/\/moneyformadagascar.org\/wp-content\/uploads\/2019\/03\/2.png 877w\" sizes=\"auto, (max-width: 300px) 100vw, 300px\" \/><\/span><\/a>Y mae un prosiect yn nwyrain Madagascar sy\u2019n canolbwyntio ar ddiogelwch bwyd a chadwraeth mewn 100 o bentrefi o gwmpas Gwarchodfa Betampona. Galluogwyd miloedd o ffermwyr mewn ardaloedd amgylcheddol bwysig i gychwyn a rheoli eu ffermydd bychain eu hunain sy\u2019n tyfu ffrwythau a llysiau ac i redeg stondin farchnad broffidiol ar gyfer eu cynnyrch. Ar \u00f4l 3 blynedd o gefnogaeth mae sampl o 40 cartref wedi cynyddu eu hincwm o 50% ar gyfartaledd, gan alluogi eu teuluoedd i wella safon maeth, i anfon eu plant i\u2019r ysgol ac i dalu am driniaeth feddygol.<\/h4>\n<h4>Y mae menywod ifanc diymgeledd ac agored i niwed yn cael hyfforddiant galwedigaethol mewn 4 canolfan a gefnogir gan MfM. Ar \u00f4l 2 flynedd o hyfforddiant maent yn derbyn cymhwyster a chymorth wrth gychwyn eu busnesau bach eu hunain. Ar yr arfordir dwyreiniol, mae ein partner ni wedi datblygu prosiect llwyddiannus sy\u2019n galluogi pobl sydd heb dir i dyfu bwyd er mwyn ei fwyta ac i\u2019w werthu. Gan ddefnyddio cynhwyswyr wedi\u2019u hailgylchu a chompost mwydod defnyddir hyd yn oed y cilcyn lleiaf o dir neu sil ffenest i dyfu planhigion maethlon a rhai at ddefnydd meddygol. Mae\u2019r prosiect hwn wedi\u2019i ymestyn nawr i wella maeth a sgiliau bywyd pobl ifanc yng ngharchar Toamasina.<\/h4>\n<p>&nbsp;<\/p>\n<h2><span style=\"color: #808000;\">S \u2013 Carthffosiaeth (Sanitation):<\/span><\/h2>\n<h4>Y mae carthffosiaeth wael yn gyfrannydd mawr at y gyfradd farwolaeth uchel i fabanod ym Madagascar. Y mae presenoldeb yn yr ysgol a lefelau cyflawniad hefyd yn cael eu heffeithio gan salwch o ganlyniad i systemau carthffosiaeth gwael. Gwnaeth MfM bolisi i sicrhau bod yna gyfleusterau toiled digonol ymhob un o\u2019r ysgolion yr ydym ni\u2019n gweithio gyda hwy. Yn y blynyddoedd diweddar rydym ni wedi gosod blociau o dai bach pydew gwell mewn 14 ysgol. Ers gosod y tai bach a\u2019r d\u0175r rydym ni wedi bod yn monitro cyfraddau presenoldeb ysgol er mwyn dilyn trywydd y gwelliant sydd yn iechyd ein myfyrwyr.<\/h4>\n<p><\/p>","protected":false},"excerpt":{"rendered":"<p>W \u2013 D\u0175r (Water): Y mae llai na hanner poblogaeth Madagascar \u00e2 mynediad i gyflenwad d\u0175r wedi\u2019i drin. Yn \u00f4l WaterAid y mae 62\/1000 o blant o dan 5 mlwydd oed yn marw ym Madagascar o ddolur rhydd bob blwyddyn. Rydym ni\u2019n noddi adeiladu gorsafoedd d\u0175r mewn pentrefi ac ysgolion sydd yn rhy bell o gyflenwad d\u0175r cyhoeddus. Yn ystod y 5 mlynedd ddiwethaf rydym wedi darparu d\u0175r yfed diogel, cyfleusterau ymolchi a d\u0175r ar gyfer dyfrhau gerddi cegin mewn ysgolion ar gyfer 26 o gymunedau. &nbsp; H \u2013 Iechyd (Health): Nid yw un ymhob deg o blant Madagascar yn&#8230; <\/p>\n","protected":false},"author":1,"featured_media":0,"parent":20,"menu_order":0,"comment_status":"closed","ping_status":"closed","template":"template-full-width.php","meta":{"footnotes":""},"class_list":["post-22","page","type-page","status-publish","hentry"],"_links":{"self":[{"href":"https:\/\/moneyformadagascar.org\/cy\/wp-json\/wp\/v2\/pages\/22","targetHints":{"allow":["GET"]}}],"collection":[{"href":"https:\/\/moneyformadagascar.org\/cy\/wp-json\/wp\/v2\/pages"}],"about":[{"href":"https:\/\/moneyformadagascar.org\/cy\/wp-json\/wp\/v2\/types\/page"}],"author":[{"embeddable":true,"href":"https:\/\/moneyformadagascar.org\/cy\/wp-json\/wp\/v2\/users\/1"}],"replies":[{"embeddable":true,"href":"https:\/\/moneyformadagascar.org\/cy\/wp-json\/wp\/v2\/comments?post=22"}],"version-history":[{"count":5,"href":"https:\/\/moneyformadagascar.org\/cy\/wp-json\/wp\/v2\/pages\/22\/revisions"}],"predecessor-version":[{"id":13128,"href":"https:\/\/moneyformadagascar.org\/cy\/wp-json\/wp\/v2\/pages\/22\/revisions\/13128"}],"up":[{"embeddable":true,"href":"https:\/\/moneyformadagascar.org\/cy\/wp-json\/wp\/v2\/pages\/20"}],"wp:attachment":[{"href":"https:\/\/moneyformadagascar.org\/cy\/wp-json\/wp\/v2\/media?parent=22"}],"curies":[{"name":"wp","href":"https:\/\/api.w.org\/{rel}","templated":true}]}}