{"id":71,"date":"2019-02-14T16:54:09","date_gmt":"2019-02-14T16:54:09","guid":{"rendered":"http:\/\/moneyformadagascar.org\/?page_id=71"},"modified":"2023-08-29T14:24:12","modified_gmt":"2023-08-29T14:24:12","slug":"disaster-relief","status":"publish","type":"page","link":"https:\/\/moneyformadagascar.org\/cy\/our-programmes\/disaster-relief\/","title":{"rendered":"Gwytnwch o ganlyniad i Drychineb"},"content":{"rendered":"<p><\/p>\n<div class=\"edbox\">\n<h4><span style=\"color: #ffffff;\">Y mae Madagascar yn wynebu argyfyngau naturiol, fel arfer ar ffurf seiclonau yn flynyddol bron \u00e2 bod. Y mae amlder a ffyrnigrwydd y ffenomen\u00e2u naturiol hyn wedi dwys\u00e1u yn ystod y blynyddoedd diweddar yn bennaf oherwydd newid hinsawdd.<\/span><\/h4>\n<h4><span style=\"color: #ffffff;\">Mae MfM yn rhedeg apeliadau o bryd i\u2019w gilydd i helpu cymunedau ym Madagascar ac o ganlyniad i\u2019r trychinebau naturiol hyn. Fodd bynnag mae MfM yn edrych y tu hwnt i\u2019r lliniaru trychineb ac yn ceisio helpu cymunedau lleol i adeiladu gwytnwch yn wyneb trychineb fel eu bod yn gallu bod wedi\u2019u paratoi\u2019n well fel nad ydyn nhw\u2019n wynebu dinistr llwyr pan ddaw\u2019r diwgyddiadau hyn i\u2019w rhan.<\/span><\/h4>\n<\/div>\n<div id=\"metaslider-id-548\" style=\"width: 100%; margin: 0 auto;\" class=\"ml-slider-3-108-0 metaslider metaslider-flex metaslider-548 ml-slider has-dots-nav ms-theme-default\" role=\"region\" aria-label=\"Disaster\" data-height=\"300\" data-width=\"700\">\n    <div id=\"metaslider_container_548\">\n        <div id=\"metaslider_548\">\n            <ul class='slides'>\n                <li style=\"display: block; width: 100%;\" class=\"slide-1495 ms-image \" aria-roledescription=\"slide\" data-date=\"2019-07-02 12:11:29\" data-filename=\"Ambalamahasoa-school-appeal-feb12-700x300.jpg\" data-slide-type=\"image\"><img loading=\"lazy\" decoding=\"async\" src=\"https:\/\/moneyformadagascar.org\/wp-content\/uploads\/2019\/07\/Ambalamahasoa-school-appeal-feb12-700x300.jpg\" height=\"300\" width=\"700\" alt=\"\" class=\"slider-548 slide-1495 msDefaultImage\" title=\"Ambalamahasoa school appeal feb12\" \/><\/li>\n                <li style=\"display: none; width: 100%;\" class=\"slide-1497 ms-image \" aria-roledescription=\"slide\" data-date=\"2019-07-02 12:11:30\" data-filename=\"refuge-flattened-all-but-WC-700x300.jpg\" data-slide-type=\"image\"><img loading=\"lazy\" decoding=\"async\" src=\"https:\/\/moneyformadagascar.org\/wp-content\/uploads\/2019\/07\/refuge-flattened-all-but-WC-700x300.jpg\" height=\"300\" width=\"700\" alt=\"\" class=\"slider-548 slide-1497 msDefaultImage\" title=\"refuge flattened, all but WC\" \/><\/li>\n                <li style=\"display: none; width: 100%;\" class=\"slide-1498 ms-image \" aria-roledescription=\"slide\" data-date=\"2019-07-02 12:11:30\" data-filename=\"roof-ripped-off-Ambalamahasoa-700x300.jpg\" data-slide-type=\"image\"><img loading=\"lazy\" decoding=\"async\" src=\"https:\/\/moneyformadagascar.org\/wp-content\/uploads\/2019\/07\/roof-ripped-off-Ambalamahasoa-700x300.jpg\" height=\"300\" width=\"700\" alt=\"\" class=\"slider-548 slide-1498 msDefaultImage\" title=\"roof ripped off Ambalamahasoa\" \/><\/li>\n                <li style=\"display: none; width: 100%;\" class=\"slide-1499 ms-image \" aria-roledescription=\"slide\" data-date=\"2019-07-02 12:11:30\" data-filename=\"saf-melaky-distribute-emergency-relief-after-cyclone-700x300.jpg\" data-slide-type=\"image\"><img loading=\"lazy\" decoding=\"async\" src=\"https:\/\/moneyformadagascar.org\/wp-content\/uploads\/2019\/07\/saf-melaky-distribute-emergency-relief-after-cyclone-700x300.jpg\" height=\"300\" width=\"700\" alt=\"\" class=\"slider-548 slide-1499 msDefaultImage\" title=\"saf melaky distribute emergency relief after cyclone\" \/><\/li>\n                <li style=\"display: none; width: 100%;\" class=\"slide-1503 ms-image \" aria-roledescription=\"slide\" data-date=\"2019-07-02 12:19:39\" data-filename=\"download-1-259x111.jpg\" data-slide-type=\"image\"><img loading=\"lazy\" decoding=\"async\" src=\"https:\/\/moneyformadagascar.org\/wp-content\/uploads\/2019\/06\/download-1-259x111.jpg\" height=\"300\" width=\"700\" alt=\"\" class=\"slider-548 slide-1503 msDefaultImage\" title=\"download (1)\" \/><\/li>\n            <\/ul>\n        <\/div>\n        \n    <\/div>\n<\/div>\n<h4><span style=\"color: #808000;\"><strong>CNewyn dybryd a bod yn agored effeithiau newid hinsawdd ym Madagascar:<\/strong><\/span><\/h4>\n<h4>Yn yr Indecs Newyn Global yn 2017, Madagascar oedd y 4ydd gwlad dlotaf ar y ddaear. Mae 92% o\u2019r boblogaeth sy\u2019n un wledig gan mwyaf, yn byw o dan y llinell dlodi ac mae 47% o blant o dan bump oed yn wynebu peidio \u00e2 thyfu\u2019n iawn oherwydd diffyg maeth dybryd (Rhaglen Fwyd y Byd 2019). Y mae digwyddiadau tywydd eithafol fel seiclonau, sychder a llifogydd yn digwydd yn rheolaidd ym Madagascar sy\u2019n difrodi neu ddinistrio cnydau, cartrefi ac isadeileddau. Y mae amlder y math hyn o ddigwyddiadau am gynyddu dros amser. Dynodwyd Madagascar fel un o\u2019r 20 gwlad sydd yn fwyaf agored i effeithiau newid hinsawdd (cyf). Bydd newid hinsawdd yn effeithio\u2019n anghymesur ar ffermwyr bychain ac yn rhoi eu bywoliaeth yn fwy fyth yn y fantol. Y mae ffermwyr Madagascar yn fwy agored i unrhyw ergydion i\u2019w system amaeth oherwydd eu dibyniaeth uchel nhw ar amaeth am eu bywoliaeth, diffyg dioglewch dybryd o ran bwyd a diffyg mynediad at rwydi diogelwch ffurfiol.<\/h4>\n<p>&nbsp;<\/p>\n<h4><strong><span style=\"color: #808000;\">Ymyrraeth MfM yn Analamanga: o liniaru trychineb i adeiladu gwytnwch:<\/span><\/strong><\/h4>\n<h4>Ers 2009 mae Money for Madagascar (MfM) a\u2019u partner WTDM wedi bod yn gweithio i gefnogi datblygu a chryfhau cymunedau bregus yn rhanbarth Analamanga, ar gyrion y brifddinas, Antananarivo. I ddechrau, roedd gwaith yn canolbwyntio ar ddarparu cyflenwadau d\u0175r gl\u00e2n. Fodd bynnag, yn Ebrill 2017, yn sgil sychdwr hir a ddilynodd seiclon ENAWO, teimlodd MfM bod yn rhaid iddynt gynnig ymateb argyfwng a chefnogaeth adferiad brys. Roedd ymgymryd \u00e2\u2019r gwaith hwn yn tanlinellu\u2019r ansicrwydd bwyd dybryd a natur fregus cartrefi yn y cymunedau hyn yn wynebu trychinebau naturiol. Er bod ymateb argyfwng yn bwysig, y mae ffocws MfM ar helpu pobl i ddatblygu\u2019r gallu i ddatrys eu problemau eu hunain. Am y rheswm hwn, yn Rhagfyr 2017 cychwynnodd MfM a WTDM ar gynllun peilot i helpu 7 cymuned i gynyddu eu sicrwydd bwyd drwy wella eu cynhyrchu amaethyddol a lleihau effeithiau peryglon amgylcheddol. Awgrymodd gwerthusiad ar \u00f4l blwyddyn fod yr ymagwedd wedi bod yn llesol o ran datblygu sylfaen amrywiol, cynaliadwy a gwydn ar lefel cartrefi unigol. Fodd bynnag, tanlinellodd yr angen hefyd i:<\/h4>\n<ul>\n<li>\n<h4>Sicrhau bod gan ffermwyr well mynediad i systemau rhybudd cynnar a thechnegau paratoadol ar gyfer trychinebau<\/h4>\n<\/li>\n<li>\n<h4>Datblygu a chryfhau strwythurau trefniadol i ffermwyr ymhellach, mynediad i gredit, mynediad i farchnadoedd<\/h4>\n<\/li>\n<li>\n<h4>Datblygu a chryfhau gweithgareddau creu incwm amgen ymhellach<\/h4>\n<\/li>\n<li>\n<h4>Sicrhau bod yr ymagwedd ffermwr i ffermwr o ran lledaenu pethau newydd technegol yn rhaeadru manteision i niferoedd arwyddocaol o gartrefi newydd yn effeithiol bob blwyddyn<\/h4>\n<\/li>\n<li>\n<h4>Sicrhau cynaliadwyedd y gwelliannau drwy ddatblygu cysylltiadau \u00e2 gweithredwyr allweddol eraill (cyrff llywodraethol, cyrff anllywodraethol a busnes) sy\u2019n gweithio i gryfhau gwytnwch yn erbyn hinsawdd.<\/h4>\n<\/li>\n<\/ul>\n<p>&nbsp;<\/p>\n<hr \/>\n<h2>Y Newyddion Diweddaraf ac Apeliadau<\/h2>\n<p>&nbsp;<\/p>\n<hr \/>\n<p><\/p>","protected":false},"excerpt":{"rendered":"<p>Y mae Madagascar yn wynebu argyfyngau naturiol, fel arfer ar ffurf seiclonau yn flynyddol bron \u00e2 bod. Y mae amlder a ffyrnigrwydd y ffenomen\u00e2u naturiol hyn wedi dwys\u00e1u yn ystod y blynyddoedd diweddar yn bennaf oherwydd newid hinsawdd. Mae MfM yn rhedeg apeliadau o bryd i\u2019w gilydd i helpu cymunedau ym Madagascar ac o ganlyniad i\u2019r trychinebau naturiol hyn. Fodd bynnag mae MfM yn edrych y tu hwnt i\u2019r lliniaru trychineb ac yn ceisio helpu cymunedau lleol i adeiladu gwytnwch yn wyneb trychineb fel eu bod yn gallu bod wedi\u2019u paratoi\u2019n well fel nad ydyn nhw\u2019n wynebu dinistr llwyr pan&#8230; <\/p>\n","protected":false},"author":1,"featured_media":0,"parent":24,"menu_order":0,"comment_status":"closed","ping_status":"closed","template":"template-full-width.php","meta":{"footnotes":""},"class_list":["post-71","page","type-page","status-publish","hentry"],"_links":{"self":[{"href":"https:\/\/moneyformadagascar.org\/cy\/wp-json\/wp\/v2\/pages\/71","targetHints":{"allow":["GET"]}}],"collection":[{"href":"https:\/\/moneyformadagascar.org\/cy\/wp-json\/wp\/v2\/pages"}],"about":[{"href":"https:\/\/moneyformadagascar.org\/cy\/wp-json\/wp\/v2\/types\/page"}],"author":[{"embeddable":true,"href":"https:\/\/moneyformadagascar.org\/cy\/wp-json\/wp\/v2\/users\/1"}],"replies":[{"embeddable":true,"href":"https:\/\/moneyformadagascar.org\/cy\/wp-json\/wp\/v2\/comments?post=71"}],"version-history":[{"count":5,"href":"https:\/\/moneyformadagascar.org\/cy\/wp-json\/wp\/v2\/pages\/71\/revisions"}],"predecessor-version":[{"id":17272,"href":"https:\/\/moneyformadagascar.org\/cy\/wp-json\/wp\/v2\/pages\/71\/revisions\/17272"}],"up":[{"embeddable":true,"href":"https:\/\/moneyformadagascar.org\/cy\/wp-json\/wp\/v2\/pages\/24"}],"wp:attachment":[{"href":"https:\/\/moneyformadagascar.org\/cy\/wp-json\/wp\/v2\/media?parent=71"}],"curies":[{"name":"wp","href":"https:\/\/api.w.org\/{rel}","templated":true}]}}