{"id":16940,"date":"2025-11-07T04:00:30","date_gmt":"2025-11-07T04:00:30","guid":{"rendered":"https:\/\/moneyformadagascar.org\/?page_id=16940"},"modified":"2026-03-27T14:45:29","modified_gmt":"2026-03-27T14:45:29","slug":"vacancies","status":"publish","type":"page","link":"https:\/\/moneyformadagascar.org\/fr\/get-involved\/vacancies\/","title":{"rendered":"Postes Vacants"},"content":{"rendered":"<p><\/p>\n<h4>Bienvenue sur la page des offres d&#8217;emploi de Money for Madagascar.<\/h4>\n<h4>Malheureusement, nous ne recrutons pas pour le moment, mais n&rsquo;h\u00e9sitez pas \u00e0 revenir bient\u00f4t pour consulter nos offres.<\/h4>\n<h4>Si vous souhaitez nous envoyer votre CV de mani\u00e8re spontan\u00e9e, n&rsquo;h\u00e9sitez pas \u00e0 l&rsquo;envoyer accompagn\u00e9 d&rsquo;une lettre de motivation \u00e0 : <a href=\"mailto:jobs@moneyformadagascar.org\">jobs@moneyformadagascar.org<\/a>.<\/h4>\n<h4>Merci beaucoup !<\/h4>\n<h4><\/h4>\n<p><\/p>","protected":false},"excerpt":{"rendered":"<p>Bienvenue sur la page des offres d&#8217;emploi de Money for Madagascar. Malheureusement, nous ne recrutons pas pour le moment, mais n&rsquo;h\u00e9sitez pas \u00e0 revenir bient\u00f4t pour consulter nos offres. Si vous souhaitez nous envoyer votre CV de mani\u00e8re spontan\u00e9e, n&rsquo;h\u00e9sitez pas \u00e0 l&rsquo;envoyer accompagn\u00e9 d&rsquo;une lettre de motivation \u00e0 : jobs@moneyformadagascar.org. Merci beaucoup !<\/p>\n","protected":false},"author":5,"featured_media":16835,"parent":14138,"menu_order":0,"comment_status":"closed","ping_status":"closed","template":"template-full-width.php","meta":{"footnotes":""},"class_list":["post-16940","page","type-page","status-publish","has-post-thumbnail","hentry"],"_links":{"self":[{"href":"https:\/\/moneyformadagascar.org\/fr\/wp-json\/wp\/v2\/pages\/16940","targetHints":{"allow":["GET"]}}],"collection":[{"href":"https:\/\/moneyformadagascar.org\/fr\/wp-json\/wp\/v2\/pages"}],"about":[{"href":"https:\/\/moneyformadagascar.org\/fr\/wp-json\/wp\/v2\/types\/page"}],"author":[{"embeddable":true,"href":"https:\/\/moneyformadagascar.org\/fr\/wp-json\/wp\/v2\/users\/5"}],"replies":[{"embeddable":true,"href":"https:\/\/moneyformadagascar.org\/fr\/wp-json\/wp\/v2\/comments?post=16940"}],"version-history":[{"count":5,"href":"https:\/\/moneyformadagascar.org\/fr\/wp-json\/wp\/v2\/pages\/16940\/revisions"}],"predecessor-version":[{"id":24568,"href":"https:\/\/moneyformadagascar.org\/fr\/wp-json\/wp\/v2\/pages\/16940\/revisions\/24568"}],"up":[{"embeddable":true,"href":"https:\/\/moneyformadagascar.org\/fr\/wp-json\/wp\/v2\/pages\/14138"}],"wp:featuredmedia":[{"embeddable":true,"href":"https:\/\/moneyformadagascar.org\/fr\/wp-json\/wp\/v2\/media\/16835"}],"wp:attachment":[{"href":"https:\/\/moneyformadagascar.org\/fr\/wp-json\/wp\/v2\/media?parent=16940"}],"curies":[{"name":"wp","href":"https:\/\/api.w.org\/{rel}","templated":true}]}}