{"id":23240,"date":"2025-10-28T22:29:52","date_gmt":"2025-10-28T22:29:52","guid":{"rendered":"https:\/\/moneyformadagascar.org\/?page_id=23240"},"modified":"2025-10-28T22:48:16","modified_gmt":"2025-10-28T22:48:16","slug":"digital-learning-and-clean-energy-shining-a-light-at-mfm-partner-schools","status":"publish","type":"page","link":"https:\/\/moneyformadagascar.org\/fr\/our-programmes\/the-solar-united-consortium\/digital-learning-and-clean-energy-shining-a-light-at-mfm-partner-schools\/","title":{"rendered":"L&rsquo;apprentissage num\u00e9rique et les \u00e9nergies propres \u00e9clairent les \u00e9coles partenaires de MfM"},"content":{"rendered":"<p><\/p>\n<h4>Plus de 150 jeunes et leurs enseignants b\u00e9n\u00e9ficient d\u00e9sormais de nouvelles technologies qui faciliteront leur apprentissage et leur enseignement, gr\u00e2ce \u00e0 Money for Madagascar et \u00e0 ses partenaires.<\/h4>\n<p style=\"text-align: center;\"><img loading=\"lazy\" decoding=\"async\" class=\"alignnone wp-image-23242\" src=\"https:\/\/moneyformadagascar.org\/wp-content\/uploads\/2025\/10\/20251010_lancement-digital-learning_EPC-Ampananina-5-300x200.jpg\" alt=\"\" width=\"431\" height=\"287\" srcset=\"https:\/\/moneyformadagascar.org\/wp-content\/uploads\/2025\/10\/20251010_lancement-digital-learning_EPC-Ampananina-5-300x200.jpg 300w, https:\/\/moneyformadagascar.org\/wp-content\/uploads\/2025\/10\/20251010_lancement-digital-learning_EPC-Ampananina-5-1024x683.jpg 1024w, https:\/\/moneyformadagascar.org\/wp-content\/uploads\/2025\/10\/20251010_lancement-digital-learning_EPC-Ampananina-5-768x512.jpg 768w, https:\/\/moneyformadagascar.org\/wp-content\/uploads\/2025\/10\/20251010_lancement-digital-learning_EPC-Ampananina-5-1536x1024.jpg 1536w, https:\/\/moneyformadagascar.org\/wp-content\/uploads\/2025\/10\/20251010_lancement-digital-learning_EPC-Ampananina-5-2048x1365.jpg 2048w, https:\/\/moneyformadagascar.org\/wp-content\/uploads\/2025\/10\/20251010_lancement-digital-learning_EPC-Ampananina-5-600x400.jpg 600w\" sizes=\"auto, (max-width: 431px) 100vw, 431px\" \/><\/p>\n<h4>Quatre \u00e9coles primaires, soit 126 enfants et 27 enseignants, ont re\u00e7u des tablettes, des \u00e9couteurs, des haut-parleurs, des projecteurs, des routeurs et des Raspberry Pi, dans le cadre d&rsquo;un projet d&rsquo;apprentissage num\u00e9rique financ\u00e9 par la Fondation Aeonian, en partenariat avec MfM et le consortium Solar United Madagascar.<\/h4>\n<p style=\"text-align: center;\"><img loading=\"lazy\" decoding=\"async\" class=\"alignnone wp-image-23245\" src=\"https:\/\/moneyformadagascar.org\/wp-content\/uploads\/2025\/10\/20251014_formation-onetab_EPP-Kianjanarivo-300x200.jpg\" alt=\"\" width=\"464\" height=\"309\" srcset=\"https:\/\/moneyformadagascar.org\/wp-content\/uploads\/2025\/10\/20251014_formation-onetab_EPP-Kianjanarivo-300x200.jpg 300w, https:\/\/moneyformadagascar.org\/wp-content\/uploads\/2025\/10\/20251014_formation-onetab_EPP-Kianjanarivo-1024x683.jpg 1024w, https:\/\/moneyformadagascar.org\/wp-content\/uploads\/2025\/10\/20251014_formation-onetab_EPP-Kianjanarivo-768x512.jpg 768w, https:\/\/moneyformadagascar.org\/wp-content\/uploads\/2025\/10\/20251014_formation-onetab_EPP-Kianjanarivo-1536x1024.jpg 1536w, https:\/\/moneyformadagascar.org\/wp-content\/uploads\/2025\/10\/20251014_formation-onetab_EPP-Kianjanarivo-2048x1365.jpg 2048w, https:\/\/moneyformadagascar.org\/wp-content\/uploads\/2025\/10\/20251014_formation-onetab_EPP-Kianjanarivo-600x400.jpg 600w\" sizes=\"auto, (max-width: 464px) 100vw, 464px\" \/><\/p>\n<h4>Ce projet vise \u00e0 am\u00e9liorer la qualit\u00e9 de l&rsquo;enseignement et les r\u00e9sultats scolaires des \u00e9l\u00e8ves gr\u00e2ce \u00e0 des \u00e9quipements adapt\u00e9s aux besoins et \u00e0 l&rsquo;exp\u00e9rience des \u00e9coles rurales.<\/h4>\n<h4>Le lancement officiel du projet a eu lieu \u00e0 l&rsquo;EPP Igararana (\u00e0 CISCO Miarinarivo, Itasy, en partenariat avec AVM), \u00e0 l&rsquo;EPP Kianjanarivo (CISCO Arivonimamo, Itasy, en partenariat avec AMI), EPP Mandalotsimaka (CISCO Avaradrano, Analamanga, en partenariat avec WtdM) et EPC Ampananina (CISCO Ambohidratrimo, Analamanga, en partenariat avec l&rsquo;ONG Ankizy Gasy), du 7 au 10 octobre 2025.<\/h4>\n<h4>Chaque \u00e9v\u00e9nement a r\u00e9uni les enfants et les enseignants, ainsi que les parents, les chefs de fokontany, le directeur r\u00e9gional de la branche Itasy de l&rsquo;association nationale pour l&rsquo;\u00e9ducation, Itasy, les chefs CISCO de Miariharivo et Avaradrano, le maire d&rsquo;Arivonimamo II et des repr\u00e9sentants de la DREN, du CISCO et des communes d&rsquo;Ampananina, les partenaires et les \u00e9quipes de MfM, tandis que les repr\u00e9sentants de SUM ont officiellement distribu\u00e9 le mat\u00e9riel.<\/h4>\n<h4>Les enseignants des quatre \u00e9coles et les \u00e9l\u00e8ves de Kianjanarivo et Ampananina ont \u00e9t\u00e9 form\u00e9s \u00e0 l&rsquo;utilisation des \u00e9quipements \u00e9lectroniques. Les quatre \u00e9coles utilisent d\u00e9sormais une \u00e9nergie s\u00fbre, fiable et durable provenant de la technologie solaire, install\u00e9e par JIROVE, un autre partenaire du consortium SUM.<\/h4>\n<h4>Cette \u00e9nergie propre sert notamment \u00e0 recharger des batteries externes \u00e9quip\u00e9es de lampes, qui sont lou\u00e9es \u00e0 un prix abordable aux familles afin que les enfants puissent \u00e9tudier chez eux le soir.<\/h4>\n<h4><img loading=\"lazy\" decoding=\"async\" class=\"size-medium wp-image-23247 alignright\" src=\"https:\/\/moneyformadagascar.org\/wp-content\/uploads\/2025\/10\/Technicien-gestionnaire-kiosk-SUM-EPP-Kianjanarivo-300x200.jpg\" alt=\"\" width=\"300\" height=\"200\" srcset=\"https:\/\/moneyformadagascar.org\/wp-content\/uploads\/2025\/10\/Technicien-gestionnaire-kiosk-SUM-EPP-Kianjanarivo-300x200.jpg 300w, https:\/\/moneyformadagascar.org\/wp-content\/uploads\/2025\/10\/Technicien-gestionnaire-kiosk-SUM-EPP-Kianjanarivo-1024x683.jpg 1024w, https:\/\/moneyformadagascar.org\/wp-content\/uploads\/2025\/10\/Technicien-gestionnaire-kiosk-SUM-EPP-Kianjanarivo-768x512.jpg 768w, https:\/\/moneyformadagascar.org\/wp-content\/uploads\/2025\/10\/Technicien-gestionnaire-kiosk-SUM-EPP-Kianjanarivo-1536x1024.jpg 1536w, https:\/\/moneyformadagascar.org\/wp-content\/uploads\/2025\/10\/Technicien-gestionnaire-kiosk-SUM-EPP-Kianjanarivo-2048x1365.jpg 2048w, https:\/\/moneyformadagascar.org\/wp-content\/uploads\/2025\/10\/Technicien-gestionnaire-kiosk-SUM-EPP-Kianjanarivo-600x400.jpg 600w\" sizes=\"auto, (max-width: 300px) 100vw, 300px\" \/>L&rsquo;argent sert \u00e0 financer l&rsquo;entretien de la technologie, y compris le salaire d&rsquo;un technicien qui assure la gestion des batteries externes, leur livraison aux familles et leur collecte.<\/h4>\n<h4>Ces initiatives transforment durablement la vie scolaire quotidienne des \u00e9l\u00e8ves et des enseignants dans les \u00e9coles partenaires de Money for Madagascar.<\/h4>\n<h4><img loading=\"lazy\" decoding=\"async\" class=\"wp-image-23246 alignleft\" src=\"https:\/\/moneyformadagascar.org\/wp-content\/uploads\/2025\/10\/Mme-Telina-Directrice-EPP-Igararana-300x200.jpg\" alt=\"\" width=\"250\" height=\"166\" srcset=\"https:\/\/moneyformadagascar.org\/wp-content\/uploads\/2025\/10\/Mme-Telina-Directrice-EPP-Igararana-300x200.jpg 300w, https:\/\/moneyformadagascar.org\/wp-content\/uploads\/2025\/10\/Mme-Telina-Directrice-EPP-Igararana-1024x683.jpg 1024w, https:\/\/moneyformadagascar.org\/wp-content\/uploads\/2025\/10\/Mme-Telina-Directrice-EPP-Igararana-768x512.jpg 768w, https:\/\/moneyformadagascar.org\/wp-content\/uploads\/2025\/10\/Mme-Telina-Directrice-EPP-Igararana-1536x1024.jpg 1536w, https:\/\/moneyformadagascar.org\/wp-content\/uploads\/2025\/10\/Mme-Telina-Directrice-EPP-Igararana-2048x1365.jpg 2048w, https:\/\/moneyformadagascar.org\/wp-content\/uploads\/2025\/10\/Mme-Telina-Directrice-EPP-Igararana-600x400.jpg 600w\" sizes=\"auto, (max-width: 250px) 100vw, 250px\" \/>Telina Raharilalaina, directrice de l&rsquo;EPP Igararana, a d\u00e9clar\u00e9 : \u00ab <span style=\"color: #646839;\"><em>Nous sommes ravis de recevoir cet \u00e9quipement, car il nous aide beaucoup dans notre travail. Il facilite la pr\u00e9paration des cours et l&rsquo;enseignement, comme nous l&rsquo;avons constat\u00e9 lors de nos formations.<\/em><\/span><\/h4>\n<h4><span style=\"color: #646839;\"><em>Auparavant, nous devions rechercher de nombreux documents, dessiner, utiliser du papier kraft et divers supports visuels. Cela repr\u00e9sentait beaucoup de travail de pr\u00e9paration, et nous n&rsquo;avions pas beaucoup de temps.<\/em><\/span><\/h4>\n<h4><span style=\"color: #646839;\"><em>D\u00e9sormais, tout cela est disponible sur la tablette via Raspberry ; nous n&rsquo;avons plus besoin de chercher loin et pouvons l&rsquo;utiliser imm\u00e9diatement. Nous sommes ravis de ce cadeau, qui all\u00e8ge consid\u00e9rablement notre travail d&rsquo;enseignement et am\u00e9liore la fa\u00e7on dont nous dispensons les cours aux \u00e9l\u00e8ves. Nous promettons de faire de notre mieux pour am\u00e9liorer encore nos r\u00e9sultats.<\/em> <\/span>\u00bb<\/h4>\n<p style=\"text-align: center;\"><img loading=\"lazy\" decoding=\"async\" class=\"alignnone wp-image-23243\" src=\"https:\/\/moneyformadagascar.org\/wp-content\/uploads\/2025\/10\/20251010_lancement-digital-learning_EPC-Ampananina-6-300x200.jpg\" alt=\"\" width=\"458\" height=\"305\" srcset=\"https:\/\/moneyformadagascar.org\/wp-content\/uploads\/2025\/10\/20251010_lancement-digital-learning_EPC-Ampananina-6-300x200.jpg 300w, https:\/\/moneyformadagascar.org\/wp-content\/uploads\/2025\/10\/20251010_lancement-digital-learning_EPC-Ampananina-6-1024x683.jpg 1024w, https:\/\/moneyformadagascar.org\/wp-content\/uploads\/2025\/10\/20251010_lancement-digital-learning_EPC-Ampananina-6-768x512.jpg 768w, https:\/\/moneyformadagascar.org\/wp-content\/uploads\/2025\/10\/20251010_lancement-digital-learning_EPC-Ampananina-6-1536x1024.jpg 1536w, https:\/\/moneyformadagascar.org\/wp-content\/uploads\/2025\/10\/20251010_lancement-digital-learning_EPC-Ampananina-6-2048x1365.jpg 2048w, https:\/\/moneyformadagascar.org\/wp-content\/uploads\/2025\/10\/20251010_lancement-digital-learning_EPC-Ampananina-6-600x400.jpg 600w\" sizes=\"auto, (max-width: 458px) 100vw, 458px\" \/><\/p>\n<p><em>*EPP Igararana et EPP Mandalotsimaka : Les enseignants ont re\u00e7u des tablettes, un haut-parleur, un vid\u00e9oprojecteur rechargeable, un routeur et un Raspberry Pi contenant de nombreuses ressources p\u00e9dagogiques audiovisuelles et des documents num\u00e9riques pour faciliter la pr\u00e9paration et la conduite des cours. <\/em><br \/>\n<em>Six enseignants ont b\u00e9n\u00e9fici\u00e9 de ces supports num\u00e9riques au niveau de l&rsquo;EPP Igararana et sept pour Mandalotsimaka. <\/em><\/p>\n<p><em>EPP Kianjanarivo : L&rsquo;\u00e9cole a b\u00e9n\u00e9fici\u00e9 de 50 tablettes OneTab, con\u00e7ues par OneBillion, permettant aux \u00e9l\u00e8ves d&rsquo;apprendre les math\u00e9matiques, la lecture et l&rsquo;\u00e9criture ainsi que le fran\u00e7ais de mani\u00e8re ludique et interactive. Les enseignants ont \u00e9galement re\u00e7u le m\u00eame \u00e9quipement que les \u00e9coles pr\u00e9c\u00e9dentes afin de renforcer leurs pratiques p\u00e9dagogiques.<\/em><br \/>\n<em>Sept enseignants et 60 \u00e9l\u00e8ves des classes de 9e, 8e et 7e de l&rsquo;EPP Kianjanarivo ont b\u00e9n\u00e9fici\u00e9 de ces mat\u00e9riels.<\/em><br \/>\n<em>EPC Ampananina : L&rsquo;\u00e9cole a \u00e9t\u00e9 \u00e9quip\u00e9e de 57 tablettes OneTab, de deux tablettes pour les enseignants, ainsi que d&rsquo;un haut-parleur, d&rsquo;un routeur, d&rsquo;un vid\u00e9oprojecteur rechargeable et d&rsquo;un Raspberry Pi.<\/em><\/p>\n<p><em>Sept enseignants et 66 \u00e9l\u00e8ves des classes de 9e, 8e et 7e ont b\u00e9n\u00e9fici\u00e9 de ce mat\u00e9riel.<\/em><\/p>","protected":false},"excerpt":{"rendered":"<p>Plus de 150 jeunes et leurs enseignants b\u00e9n\u00e9ficient d\u00e9sormais de nouvelles technologies qui faciliteront leur apprentissage et leur enseignement, gr\u00e2ce \u00e0 Money for Madagascar et \u00e0 ses partenaires. Quatre \u00e9coles primaires, soit 126 enfants et 27 enseignants, ont re\u00e7u des tablettes, des \u00e9couteurs, des haut-parleurs, des projecteurs, des routeurs et des Raspberry Pi, dans le cadre d&rsquo;un projet d&rsquo;apprentissage num\u00e9rique financ\u00e9 par la Fondation Aeonian, en partenariat avec MfM et le consortium Solar United Madagascar. Ce projet vise \u00e0 am\u00e9liorer la qualit\u00e9 de l&rsquo;enseignement et les r\u00e9sultats scolaires des \u00e9l\u00e8ves gr\u00e2ce \u00e0 des \u00e9quipements adapt\u00e9s aux besoins et \u00e0 l&rsquo;exp\u00e9rience&#8230; <\/p>\n","protected":false},"author":18,"featured_media":23241,"parent":17518,"menu_order":0,"comment_status":"closed","ping_status":"closed","template":"","meta":{"footnotes":""},"class_list":["post-23240","page","type-page","status-publish","has-post-thumbnail","hentry"],"_links":{"self":[{"href":"https:\/\/moneyformadagascar.org\/fr\/wp-json\/wp\/v2\/pages\/23240","targetHints":{"allow":["GET"]}}],"collection":[{"href":"https:\/\/moneyformadagascar.org\/fr\/wp-json\/wp\/v2\/pages"}],"about":[{"href":"https:\/\/moneyformadagascar.org\/fr\/wp-json\/wp\/v2\/types\/page"}],"author":[{"embeddable":true,"href":"https:\/\/moneyformadagascar.org\/fr\/wp-json\/wp\/v2\/users\/18"}],"replies":[{"embeddable":true,"href":"https:\/\/moneyformadagascar.org\/fr\/wp-json\/wp\/v2\/comments?post=23240"}],"version-history":[{"count":5,"href":"https:\/\/moneyformadagascar.org\/fr\/wp-json\/wp\/v2\/pages\/23240\/revisions"}],"predecessor-version":[{"id":23252,"href":"https:\/\/moneyformadagascar.org\/fr\/wp-json\/wp\/v2\/pages\/23240\/revisions\/23252"}],"up":[{"embeddable":true,"href":"https:\/\/moneyformadagascar.org\/fr\/wp-json\/wp\/v2\/pages\/17518"}],"wp:featuredmedia":[{"embeddable":true,"href":"https:\/\/moneyformadagascar.org\/fr\/wp-json\/wp\/v2\/media\/23241"}],"wp:attachment":[{"href":"https:\/\/moneyformadagascar.org\/fr\/wp-json\/wp\/v2\/media?parent=23240"}],"curies":[{"name":"wp","href":"https:\/\/api.w.org\/{rel}","templated":true}]}}