{"id":23256,"date":"2025-11-03T11:48:40","date_gmt":"2025-11-03T11:48:40","guid":{"rendered":"https:\/\/moneyformadagascar.org\/?page_id=23256"},"modified":"2025-11-03T14:03:15","modified_gmt":"2025-11-03T14:03:15","slug":"locally-led-environmental-stewardship-to-protect-madagascars-forests-and-communities","status":"publish","type":"page","link":"https:\/\/moneyformadagascar.org\/fr\/our-programmes\/forests-and-livelihoods\/locally-led-environmental-stewardship-to-protect-madagascars-forests-and-communities\/","title":{"rendered":"Gestion environnementale men\u00e9e localement pour prot\u00e9ger les for\u00eats et les communaut\u00e9s de Madagascar"},"content":{"rendered":"<p><\/p>\n<h4>Nous sommes ravis d&rsquo;annoncer que nous dirigerons un consortium visant \u00e0 donner aux communaut\u00e9s malgaches les moyens de pr\u00e9server, prot\u00e9ger et d\u00e9velopper l&rsquo;une des for\u00eats les plus importantes et les plus menac\u00e9es de Madagascar.<\/h4>\n<h4 style=\"text-align: center;\"><img loading=\"lazy\" decoding=\"async\" class=\"alignnone wp-image-22333\" src=\"https:\/\/moneyformadagascar.org\/wp-content\/uploads\/2025\/04\/DJI_20240213104545_0013_D-300x169.jpg\" alt=\"\" width=\"501\" height=\"282\" srcset=\"https:\/\/moneyformadagascar.org\/wp-content\/uploads\/2025\/04\/DJI_20240213104545_0013_D-300x169.jpg 300w, https:\/\/moneyformadagascar.org\/wp-content\/uploads\/2025\/04\/DJI_20240213104545_0013_D-1024x576.jpg 1024w, https:\/\/moneyformadagascar.org\/wp-content\/uploads\/2025\/04\/DJI_20240213104545_0013_D-768x432.jpg 768w, https:\/\/moneyformadagascar.org\/wp-content\/uploads\/2025\/04\/DJI_20240213104545_0013_D-1536x864.jpg 1536w, https:\/\/moneyformadagascar.org\/wp-content\/uploads\/2025\/04\/DJI_20240213104545_0013_D-2048x1152.jpg 2048w, https:\/\/moneyformadagascar.org\/wp-content\/uploads\/2025\/04\/DJI_20240213104545_0013_D-600x338.jpg 600w\" sizes=\"auto, (max-width: 501px) 100vw, 501px\" \/><\/h4>\n<h4>L&rsquo;initiative Darwin* finance \u00e0 hauteur de pr\u00e8s de 800 000 livres sterling notre programme \u00ab Gestion environnementale locale pour la protection des for\u00eats et des communaut\u00e9s de Madagascar \u00bb (LESTEP MFC), dans le cadre duquel nous travaillerons, avec nos partenaires Sadabe, l&rsquo;Universit\u00e9 de l&rsquo;Ouest de l&rsquo;Angleterre et le Regen Network, travailler avec 1 000 familles d&rsquo;agriculteurs vivant \u00e0 la lisi\u00e8re de la zone prot\u00e9g\u00e9e de Tsinjoarivo-Ambalaomby**.<\/h4>\n<h4>Cette zone, d&rsquo;une superficie de 26 500 hectares, est situ\u00e9e dans les hautes terres centrales et constitue, en raison de son altitude, une \u00ab \u00eele \u00bb d&rsquo;une biodiversit\u00e9 exceptionnelle.<\/h4>\n<h4>Elle abrite dix esp\u00e8ces de l\u00e9muriens, dont trois sont en danger critique d&rsquo;extinction (le sifaka \u00e0 diad\u00e8me, le l\u00e9murien p\u00e2le \u00e0 fourche et le l\u00e9murien nain de Sibree), ainsi que des canards, des poissons, des palmiers, des orchid\u00e9es et des grenouilles menac\u00e9s d&rsquo;extinction. Et ce n&rsquo;est que ce que nous savons : de nouvelles esp\u00e8ces sont r\u00e9guli\u00e8rement d\u00e9couvertes dans les for\u00eats et les zones sauvages de plus en plus fragment\u00e9es de Madagascar, l&rsquo;une des nombreuses raisons pour lesquelles elles doivent \u00eatre pr\u00e9serv\u00e9es et prot\u00e9g\u00e9es.<\/h4>\n<h4 style=\"text-align: center;\"><img loading=\"lazy\" decoding=\"async\" class=\"alignnone wp-image-22347\" src=\"https:\/\/moneyformadagascar.org\/wp-content\/uploads\/2025\/04\/PXL_20240710_092440108-300x226.jpg\" alt=\"\" width=\"538\" height=\"405\" srcset=\"https:\/\/moneyformadagascar.org\/wp-content\/uploads\/2025\/04\/PXL_20240710_092440108-300x226.jpg 300w, https:\/\/moneyformadagascar.org\/wp-content\/uploads\/2025\/04\/PXL_20240710_092440108-1024x771.jpg 1024w, https:\/\/moneyformadagascar.org\/wp-content\/uploads\/2025\/04\/PXL_20240710_092440108-768x578.jpg 768w, https:\/\/moneyformadagascar.org\/wp-content\/uploads\/2025\/04\/PXL_20240710_092440108-1536x1157.jpg 1536w, https:\/\/moneyformadagascar.org\/wp-content\/uploads\/2025\/04\/PXL_20240710_092440108-2048x1542.jpg 2048w, https:\/\/moneyformadagascar.org\/wp-content\/uploads\/2025\/04\/PXL_20240710_092440108-600x452.jpg 600w\" sizes=\"auto, (max-width: 538px) 100vw, 538px\" \/><\/h4>\n<h4>Tsinjoarivo-Ambalaomby est prot\u00e9g\u00e9 pour une bonne raison : il a subi une d\u00e9forestation \u00e0 un rythme alarmant et, si cela continue au rythme actuel, il dispara\u00eetra compl\u00e8tement d&rsquo;ici 20 ans.<\/h4>\n<h4>Cette d\u00e9forestation a de nombreuses causes, mais l&rsquo;une d&rsquo;entre elles est l&rsquo;ins\u00e9curit\u00e9 alimentaire \u00e0 laquelle sont confront\u00e9es les communaut\u00e9s malgaches, aggrav\u00e9e ces derni\u00e8res ann\u00e9es par les effets de la catastrophe climatique.<\/h4>\n<h4>Madagascar est le quatri\u00e8me pays le plus pauvre du monde, et 90 % de sa population vit avec un revenu \u00e9gal ou inf\u00e9rieur au seuil mondial de pauvret\u00e9, soit 2,22 \u00a3 par jour. La grande majorit\u00e9 d\u00e9pend de l&rsquo;agriculture pour ses revenus et pour se nourrir et nourrir sa famille, et 1,32 million de Malgaches souffrent de famine.<\/h4>\n<h4>\u00c0 mesure que leurs terres perdent leur fertilit\u00e9 ou sont affect\u00e9es par les effets du changement climatique, il devient de plus en plus tentant, voire n\u00e9cessaire, de d\u00e9boiser afin de cr\u00e9er davantage de terres arables.<\/h4>\n<h4>En r\u00e9ponse \u00e0 cela, notre projet quinquennal s&rsquo;attaquera aux causes profondes de la d\u00e9forestation en donnant aux communaut\u00e9s locales les moyens de devenir les architectes et les gestionnaires de leur propre avenir en mati\u00e8re de conservation.<\/h4>\n<h4>Nous mettrons en place un \u00ab programme de gestion environnementale \u00bb pionnier et durable dans le cadre duquel les agriculteurs seront r\u00e9compens\u00e9s pour la mise en \u0153uvre de pratiques de gestion durable des terres, financ\u00e9 par la vente mondiale de cr\u00e9dits v\u00e9rifi\u00e9s de biodiversit\u00e9 et d&rsquo;\u00e9cosyst\u00e8mes.<\/h4>\n<h4 style=\"text-align: center;\"><img loading=\"lazy\" decoding=\"async\" class=\"alignnone wp-image-22295\" src=\"https:\/\/moneyformadagascar.org\/wp-content\/uploads\/2025\/04\/IMG_1098-300x200.jpg\" alt=\"\" width=\"494\" height=\"329\" srcset=\"https:\/\/moneyformadagascar.org\/wp-content\/uploads\/2025\/04\/IMG_1098-300x200.jpg 300w, https:\/\/moneyformadagascar.org\/wp-content\/uploads\/2025\/04\/IMG_1098-1024x683.jpg 1024w, https:\/\/moneyformadagascar.org\/wp-content\/uploads\/2025\/04\/IMG_1098-768x512.jpg 768w, https:\/\/moneyformadagascar.org\/wp-content\/uploads\/2025\/04\/IMG_1098-1536x1024.jpg 1536w, https:\/\/moneyformadagascar.org\/wp-content\/uploads\/2025\/04\/IMG_1098-2048x1365.jpg 2048w, https:\/\/moneyformadagascar.org\/wp-content\/uploads\/2025\/04\/IMG_1098-600x400.jpg 600w\" sizes=\"auto, (max-width: 494px) 100vw, 494px\" \/><\/h4>\n<h4>Nous formerons 1 000 familles d&rsquo;agriculteurs \u00e0 l&rsquo;agriculture r\u00e9g\u00e9n\u00e9rative et intelligente face au climat afin d&rsquo;am\u00e9liorer la s\u00e9curit\u00e9 alimentaire et de r\u00e9duire la pression sur la for\u00eat. Nous co-cr\u00e9erons avec eux un \u00ab menu \u00bb d&rsquo;options respectueuses de la faune sauvage et de paiements associ\u00e9s aux communaut\u00e9s locales, et nous restaurerons 800 hectares de terres d\u00e9grad\u00e9es dans la zone tampon gr\u00e2ce au reboisement et \u00e0 l&rsquo;agroforesterie.<\/h4>\n<h4>Lovaniaina Rasoalinoro, PDG de Money for Madagascar, a d\u00e9clar\u00e9 : \u00ab <span style=\"color: #646839;\"><em>Ce projet est n\u00e9 d&rsquo;un engagement profond \u00e0 impliquer, \u00e9couter et valoriser les communaut\u00e9s malgaches en tant que v\u00e9ritables gardiennes de leur environnement.<\/em><\/span><\/h4>\n<h4><span style=\"color: #646839;\"><em>En combinant leurs connaissances inestimables avec des financements innovants, nous pouvons cr\u00e9er des solutions durables qui prot\u00e8gent une faune incroyable tout en am\u00e9liorant les conditions de vie. Ce financement nous permet d&rsquo;\u00e9tendre notre travail et de prouver que la conservation et la r\u00e9duction de la pauvret\u00e9 vont de pair . <\/em><span style=\"color: #000000;\">\u00bb<\/span><\/span><\/h4>\n<p><img loading=\"lazy\" decoding=\"async\" class=\"size-medium wp-image-23257 alignnone\" src=\"https:\/\/moneyformadagascar.org\/wp-content\/uploads\/2025\/11\/black-di-logo-png-252x300.png\" alt=\"\" width=\"252\" height=\"300\" srcset=\"https:\/\/moneyformadagascar.org\/wp-content\/uploads\/2025\/11\/black-di-logo-png-252x300.png 252w, https:\/\/moneyformadagascar.org\/wp-content\/uploads\/2025\/11\/black-di-logo-png-859x1024.png 859w, https:\/\/moneyformadagascar.org\/wp-content\/uploads\/2025\/11\/black-di-logo-png-768x916.png 768w, https:\/\/moneyformadagascar.org\/wp-content\/uploads\/2025\/11\/black-di-logo-png-1288x1536.png 1288w, https:\/\/moneyformadagascar.org\/wp-content\/uploads\/2025\/11\/black-di-logo-png-1717x2048.png 1717w, https:\/\/moneyformadagascar.org\/wp-content\/uploads\/2025\/11\/black-di-logo-png-600x715.png 600w\" sizes=\"auto, (max-width: 252px) 100vw, 252px\" \/>\u00a0 <img loading=\"lazy\" decoding=\"async\" class=\"size-medium wp-image-22521 alignright\" src=\"https:\/\/moneyformadagascar.org\/wp-content\/uploads\/2025\/05\/MfM-logo-1-300x292.png\" alt=\"\" width=\"300\" height=\"292\" srcset=\"https:\/\/moneyformadagascar.org\/wp-content\/uploads\/2025\/05\/MfM-logo-1-300x292.png 300w, https:\/\/moneyformadagascar.org\/wp-content\/uploads\/2025\/05\/MfM-logo-1.png 595w\" sizes=\"auto, (max-width: 300px) 100vw, 300px\" \/><\/p>\n<p>*<em>L&rsquo;initiative Darwin est financ\u00e9e par le minist\u00e8re britannique de l&rsquo;Environnement, de l&rsquo;Alimentation et des Affaires rurales (Defra) et mise en \u0153uvre en partenariat avec le minist\u00e8re des Affaires \u00e9trang\u00e8res, du Commonwealth et du D\u00e9veloppement (FCDO) et le minist\u00e8re des Sciences, de l&rsquo;Innovation et de la Technologie (DSIT). Ce programme de subventions contribue \u00e0 la protection de la biodiversit\u00e9 et de l&rsquo;environnement naturel dans les pays en d\u00e9veloppement gr\u00e2ce \u00e0 des projets qui favorisent la conservation de la biodiversit\u00e9 et l&rsquo;utilisation durable des ressources \u00e0 travers le monde. Pour plus d&rsquo;informations, rendez-vous sur www.darwininitiative.org.uk.<\/em><\/p>\n<p>** <em>\u00c0 propos de la TAPA : La zone prot\u00e9g\u00e9e de Tsinjoarivo-Ambalaomby (TAPA) est l&rsquo;une des plus r\u00e9centes zones prot\u00e9g\u00e9es de Madagascar, officiellement d\u00e9sign\u00e9e en 2021. Couvrant 26 500 hectares, soit environ la taille de Birmingham (Royaume-Uni) ou d&rsquo;Orlando (\u00c9tats-Unis), cette zone abrite onze esp\u00e8ces de l\u00e9muriens, dont le sifaka \u00e0 diad\u00e8me, tr\u00e8s color\u00e9 mais gravement menac\u00e9, ainsi que de nombreuses autres esp\u00e8ces sauvages rares. Le parc comprend une zone centrale de for\u00eat vierge entour\u00e9e d&rsquo;une zone tampon multifonctionnelle o\u00f9 les communaut\u00e9s locales travaillent aux c\u00f4t\u00e9s des gestionnaires de la zone prot\u00e9g\u00e9e pour trouver des solutions qui pr\u00e9servent la for\u00eat tout en leur permettant de prosp\u00e9rer.<\/em><\/p>","protected":false},"excerpt":{"rendered":"<p>Nous sommes ravis d&rsquo;annoncer que nous dirigerons un consortium visant \u00e0 donner aux communaut\u00e9s malgaches les moyens de pr\u00e9server, prot\u00e9ger et d\u00e9velopper l&rsquo;une des for\u00eats les plus importantes et les plus menac\u00e9es de Madagascar. L&rsquo;initiative Darwin* finance \u00e0 hauteur de pr\u00e8s de 800 000 livres sterling notre programme \u00ab Gestion environnementale locale pour la protection des for\u00eats et des communaut\u00e9s de Madagascar \u00bb (LESTEP MFC), dans le cadre duquel nous travaillerons, avec nos partenaires Sadabe, l&rsquo;Universit\u00e9 de l&rsquo;Ouest de l&rsquo;Angleterre et le Regen Network, travailler avec 1 000 familles d&rsquo;agriculteurs vivant \u00e0 la lisi\u00e8re de la zone prot\u00e9g\u00e9e de Tsinjoarivo-Ambalaomby**&#8230;. <\/p>\n","protected":false},"author":18,"featured_media":22523,"parent":33,"menu_order":3,"comment_status":"closed","ping_status":"closed","template":"template-no-sidebar.php","meta":{"footnotes":""},"class_list":["post-23256","page","type-page","status-publish","has-post-thumbnail","hentry"],"_links":{"self":[{"href":"https:\/\/moneyformadagascar.org\/fr\/wp-json\/wp\/v2\/pages\/23256","targetHints":{"allow":["GET"]}}],"collection":[{"href":"https:\/\/moneyformadagascar.org\/fr\/wp-json\/wp\/v2\/pages"}],"about":[{"href":"https:\/\/moneyformadagascar.org\/fr\/wp-json\/wp\/v2\/types\/page"}],"author":[{"embeddable":true,"href":"https:\/\/moneyformadagascar.org\/fr\/wp-json\/wp\/v2\/users\/18"}],"replies":[{"embeddable":true,"href":"https:\/\/moneyformadagascar.org\/fr\/wp-json\/wp\/v2\/comments?post=23256"}],"version-history":[{"count":5,"href":"https:\/\/moneyformadagascar.org\/fr\/wp-json\/wp\/v2\/pages\/23256\/revisions"}],"predecessor-version":[{"id":23268,"href":"https:\/\/moneyformadagascar.org\/fr\/wp-json\/wp\/v2\/pages\/23256\/revisions\/23268"}],"up":[{"embeddable":true,"href":"https:\/\/moneyformadagascar.org\/fr\/wp-json\/wp\/v2\/pages\/33"}],"wp:featuredmedia":[{"embeddable":true,"href":"https:\/\/moneyformadagascar.org\/fr\/wp-json\/wp\/v2\/media\/22523"}],"wp:attachment":[{"href":"https:\/\/moneyformadagascar.org\/fr\/wp-json\/wp\/v2\/media?parent=23256"}],"curies":[{"name":"wp","href":"https:\/\/api.w.org\/{rel}","templated":true}]}}