{"id":35,"date":"2019-02-14T16:42:14","date_gmt":"2019-02-14T16:42:14","guid":{"rendered":"http:\/\/moneyformadagascar.org\/?page_id=35"},"modified":"2025-05-06T19:35:51","modified_gmt":"2025-05-06T19:35:51","slug":"education-for-life","status":"publish","type":"page","link":"https:\/\/moneyformadagascar.org\/mg\/our-programmes\/education-for-life\/","title":{"rendered":"(English) Education for Life"},"content":{"rendered":"<p class=\"qtranxs-available-languages-message qtranxs-available-languages-message-mg\">Miala tsiny fa tsy mbola misy amin'ny teny malagasy ity lahatsoratra ity.<\/p><p><\/p>\n<h2 style=\"text-align: center;\"><\/h2>\n<p>&nbsp;<\/p>\n<div class=\"edbox\">\n<h2 style=\"text-align: center;\"><span style=\"color: #ffffff;\">Empowering Education in Madagascar<\/span><\/h2>\n<\/div>\n<h3 style=\"text-align: center;\"><\/h3>\n<h4><strong><span class=\"TextRun SCXW204962370 BCX0\" lang=\"EN-US\" xml:lang=\"EN-US\" data-contrast=\"none\"><span class=\"NormalTextRun SCXW204962370 BCX0\">At<\/span><span class=\"NormalTextRun SCXW204962370 BCX0\"> Money for Madagascar (<\/span><span class=\"NormalTextRun SpellingErrorV2Themed SCXW204962370 BCX0\">MfM<\/span><span class=\"NormalTextRun SCXW204962370 BCX0\">), we know that education is the key to unlocking a brighter future for Madagascar\u2019s children. <\/span><span class=\"NormalTextRun SCXW204962370 BCX0\">Our Education for Life <\/span><span class=\"NormalTextRun SpellingErrorV2Themed SCXW204962370 BCX0\">programme<\/span><span class=\"NormalTextRun SCXW204962370 BCX0\"> is dedicated to giving children and young adults the skills, knowledge, and opportunities they need to rise out of poverty and build successful, fulfilling lives.<\/span><\/span><span class=\"EOP SCXW204962370 BCX0\" data-ccp-props=\"{&quot;201341983&quot;:0,&quot;335559738&quot;:270,&quot;335559739&quot;:270,&quot;335559740&quot;:279}\">\u00a0<\/span><\/strong><\/h4>\n<h4 style=\"text-align: center;\"><a href=\"https:\/\/moneyformadagascar.org\/our-programmes\/education-for-life\/education-for-life-what-we-do\/\">FIND OUT MORE ABOUT EDUCATION FOR LIFE<\/a><\/h4>\n<h4><div id=\"metaslider-id-549\" style=\"width: 100%;\" class=\"ml-slider-3-107-0 metaslider metaslider-flex metaslider-549 ml-slider has-dots-nav ms-theme-default\" role=\"region\" aria-label=\"Ed4Life\" data-height=\"119\" data-width=\"500\">\n    <div id=\"metaslider_container_549\">\n        <div id=\"metaslider_549\">\n            <ul class='slides'>\n                <li style=\"display: block; width: 100%;\" class=\"slide-883 ms-image \" aria-roledescription=\"slide\" data-date=\"2019-04-05 10:15:57\" data-filename=\"La-Foi-1-2-500x119.jpg\" data-slide-type=\"image\"><img loading=\"lazy\" decoding=\"async\" src=\"https:\/\/moneyformadagascar.org\/wp-content\/uploads\/2019\/04\/La-Foi-1-2-500x119.jpg\" height=\"119\" width=\"500\" alt=\"\" class=\"slider-549 slide-883 msDefaultImage\" title=\"La Foi 1 (2)\" \/><\/li>\n                <li style=\"display: none; width: 100%;\" class=\"slide-910 ms-image \" aria-roledescription=\"slide\" data-date=\"2019-04-05 10:19:51\" data-filename=\"pupils-of-EPP-Mafaijijo-Maintirano-SAF-500x119.jpg\" data-slide-type=\"image\"><img loading=\"lazy\" decoding=\"async\" src=\"https:\/\/moneyformadagascar.org\/wp-content\/uploads\/2019\/04\/pupils-of-EPP-Mafaijijo-Maintirano-SAF-500x119.jpg\" height=\"119\" width=\"500\" alt=\"\" class=\"slider-549 slide-910 msDefaultImage\" title=\"pupils of EPP Mafaijijo Maintirano SAF\" \/><\/li>\n                <li style=\"display: none; width: 100%;\" class=\"slide-912 ms-image \" aria-roledescription=\"slide\" data-date=\"2019-04-05 10:19:51\" data-filename=\"school-canteen-AVM-500x119.jpg\" data-slide-type=\"image\"><img loading=\"lazy\" decoding=\"async\" src=\"https:\/\/moneyformadagascar.org\/wp-content\/uploads\/2019\/04\/school-canteen-AVM-500x119.jpg\" height=\"119\" width=\"500\" alt=\"\" class=\"slider-549 slide-912 msDefaultImage\" title=\"school canteen AVM\" \/><\/li>\n                <li style=\"display: none; width: 100%;\" class=\"slide-914 ms-image \" aria-roledescription=\"slide\" data-date=\"2019-04-05 10:19:51\" data-filename=\"school-canteen-saf-toam-500x119.jpg\" data-slide-type=\"image\"><img loading=\"lazy\" decoding=\"async\" src=\"https:\/\/moneyformadagascar.org\/wp-content\/uploads\/2019\/04\/school-canteen-saf-toam-500x119.jpg\" height=\"119\" width=\"500\" alt=\"\" class=\"slider-549 slide-914 msDefaultImage\" title=\"school canteen saf toam\" \/><\/li>\n                <li style=\"display: none; width: 100%;\" class=\"slide-916 ms-image \" aria-roledescription=\"slide\" data-date=\"2019-04-05 10:19:51\" data-filename=\"small-garden-toilet-washing-hand-prior-canteen-500x119.jpg\" data-slide-type=\"image\"><img loading=\"lazy\" decoding=\"async\" src=\"https:\/\/moneyformadagascar.org\/wp-content\/uploads\/2019\/04\/small-garden-toilet-washing-hand-prior-canteen-500x119.jpg\" height=\"119\" width=\"500\" alt=\"\" class=\"slider-549 slide-916 msDefaultImage\" title=\"small garden toilet washing hand prior canteen\" \/><\/li>\n                <li style=\"display: none; width: 100%;\" class=\"slide-907 ms-image \" aria-roledescription=\"slide\" data-date=\"2019-04-05 10:19:51\" data-filename=\"drinking-safe-water-in-ed4life-program-500x119.jpg\" data-slide-type=\"image\"><img loading=\"lazy\" decoding=\"async\" src=\"https:\/\/moneyformadagascar.org\/wp-content\/uploads\/2019\/04\/drinking-safe-water-in-ed4life-program-500x119.jpg\" height=\"119\" width=\"500\" alt=\"\" class=\"slider-549 slide-907 msDefaultImage\" title=\"drinking safe water in ed4life program\" \/><\/li>\n                <li style=\"display: none; width: 100%;\" class=\"slide-917 ms-image \" aria-roledescription=\"slide\" data-date=\"2019-04-05 10:19:51\" data-filename=\"washing-hand-in-Ed4Life-progr-AVM-500x119.jpg\" data-slide-type=\"image\"><img loading=\"lazy\" decoding=\"async\" src=\"https:\/\/moneyformadagascar.org\/wp-content\/uploads\/2019\/04\/washing-hand-in-Ed4Life-progr-AVM-500x119.jpg\" height=\"119\" width=\"500\" alt=\"\" class=\"slider-549 slide-917 msDefaultImage\" title=\"washing hand in Ed4Life progr AVM\" \/><\/li>\n                <li style=\"display: none; width: 100%;\" class=\"slide-3395 ms-image \" aria-roledescription=\"slide\" data-date=\"2019-10-22 23:02:06\" data-filename=\"ed4life-worms-1-500x119.jpg\" data-slide-type=\"image\"><img loading=\"lazy\" decoding=\"async\" src=\"https:\/\/moneyformadagascar.org\/wp-content\/uploads\/2019\/10\/ed4life-worms-1-500x119.jpg\" height=\"119\" width=\"500\" alt=\"\" class=\"slider-549 slide-3395 msDefaultImage\" title=\"ed4life worms 1\" \/><\/li>\n                <li style=\"display: none; width: 100%;\" class=\"slide-3397 ms-image \" aria-roledescription=\"slide\" data-date=\"2019-10-22 23:03:20\" data-filename=\"learning-in-education-for-life-program-500x119.jpg\" data-slide-type=\"image\"><img loading=\"lazy\" decoding=\"async\" src=\"https:\/\/moneyformadagascar.org\/wp-content\/uploads\/2019\/10\/learning-in-education-for-life-program-500x119.jpg\" height=\"119\" width=\"500\" alt=\"\" class=\"slider-549 slide-3397 msDefaultImage\" title=\"learning in education for life program\" \/><\/li>\n                <li style=\"display: none; width: 100%;\" class=\"slide-3399 ms-image \" aria-roledescription=\"slide\" data-date=\"2019-10-22 23:06:03\" data-filename=\"e4l-En-pleine-formation-dalphab\u00e9tisation-500x119.jpg\" data-slide-type=\"image\"><img loading=\"lazy\" decoding=\"async\" src=\"https:\/\/moneyformadagascar.org\/wp-content\/uploads\/2019\/10\/e4l-En-pleine-formation-dalphab\u00e9tisation-500x119.jpg\" height=\"119\" width=\"500\" alt=\"\" class=\"slider-549 slide-3399 msDefaultImage\" title=\"e4l En pleine formation d&#039;alphab\u00e9tisation\" \/><\/li>\n                <li style=\"display: none; width: 100%;\" class=\"slide-3405 ms-image \" aria-roledescription=\"slide\" data-date=\"2019-10-22 23:16:10\" data-filename=\"web-e4l-school-library-3-anges--500x119.jpg\" data-slide-type=\"image\"><img loading=\"lazy\" decoding=\"async\" src=\"https:\/\/moneyformadagascar.org\/wp-content\/uploads\/2019\/10\/web-e4l-school-library-3-anges--500x119.jpg\" height=\"119\" width=\"500\" alt=\"\" class=\"slider-549 slide-3405 msDefaultImage\" title=\"web e4l school library 3 anges\" \/><\/li>\n                <li style=\"display: none; width: 100%;\" class=\"slide-3407 ms-image \" aria-roledescription=\"slide\" data-date=\"2019-10-22 23:17:56\" data-filename=\"web-e4l-kids-reading-books-500x119.jpg\" data-slide-type=\"image\"><img loading=\"lazy\" decoding=\"async\" src=\"https:\/\/moneyformadagascar.org\/wp-content\/uploads\/2019\/10\/web-e4l-kids-reading-books-500x119.jpg\" height=\"119\" width=\"500\" alt=\"\" class=\"slider-549 slide-3407 msDefaultImage\" title=\"web e4l kids reading books\" \/><\/li>\n                <li style=\"display: none; width: 100%;\" class=\"slide-3409 ms-image \" aria-roledescription=\"slide\" data-date=\"2019-10-22 23:21:52\" data-filename=\"web-e4l-solar-panelandoharanovelona-6-500x119.jpg\" data-slide-type=\"image\"><img loading=\"lazy\" decoding=\"async\" src=\"https:\/\/moneyformadagascar.org\/wp-content\/uploads\/2019\/10\/web-e4l-solar-panelandoharanovelona-6-500x119.jpg\" height=\"119\" width=\"500\" alt=\"\" class=\"slider-549 slide-3409 msDefaultImage\" title=\"web e4l solar panelandoharanovelona 6\" \/><\/li>\n                <li style=\"display: none; width: 100%;\" class=\"slide-9286 ms-image \" aria-roledescription=\"slide\" data-date=\"2020-01-06 14:08:55\" data-filename=\"Visite-Echanges-des-2-repr\u00e9sentants-de-chaque-\u00e9cole-Phase-2-apr\u00e8s-formation-et-\u00e9changes-chez-Papa-Basile-\u00e0-lEPP-Ambohitsimelo-500x119.jpg\" data-slide-type=\"image\"><img loading=\"lazy\" decoding=\"async\" src=\"https:\/\/moneyformadagascar.org\/wp-content\/uploads\/2020\/01\/Visite-Echanges-des-2-repr\u00e9sentants-de-chaque-\u00e9cole-Phase-2-apr\u00e8s-formation-et-\u00e9changes-chez-Papa-Basile-\u00e0-lEPP-Ambohitsimelo-500x119.jpg\" height=\"119\" width=\"500\" alt=\"\" class=\"slider-549 slide-9286 msDefaultImage\" title=\"Visite Echanges des 2 repr\u00e9sentants de chaque \u00e9cole (Phase 2) apr\u00e8s formation et \u00e9changes chez Papa Basile -\u00e0 l&#039;EPP Ambohitsimelo\" \/><\/li>\n                <li style=\"display: none; width: 100%;\" class=\"slide-9287 ms-image \" aria-roledescription=\"slide\" data-date=\"2020-01-06 14:08:55\" data-filename=\"Production-de-jardin-EPP-Ambohitsimelo-500x119.jpg\" data-slide-type=\"image\"><img loading=\"lazy\" decoding=\"async\" src=\"https:\/\/moneyformadagascar.org\/wp-content\/uploads\/2020\/01\/Production-de-jardin-EPP-Ambohitsimelo-500x119.jpg\" height=\"119\" width=\"500\" alt=\"\" class=\"slider-549 slide-9287 msDefaultImage\" title=\"Production de jardin EPP Ambohitsimelo\" \/><\/li>\n            <\/ul>\n        <\/div>\n        \n    <\/div>\n<\/div><\/h4>\n<h4><b><span data-contrast=\"none\">Holistic Education Support<\/span><\/b> <span data-ccp-props=\"{&quot;201341983&quot;:0,&quot;335559738&quot;:270,&quot;335559739&quot;:270,&quot;335559740&quot;:279}\">\u00a0<\/span><\/h4>\n<h4><span data-contrast=\"none\">Education in Madagascar faces many challenges, from underfunded schools to a lack of resources and trained teachers. MfM addresses these issues by investing in both formal and non-formal education, ensuring that all children have access to quality learning experiences. We support everything from primary education to vocational training, focusing on the individual needs of each student. By providing school supplies, scholarships, and training for teachers, we help create a nurturing learning environment where children can thrive.<\/span><span data-ccp-props=\"{&quot;201341983&quot;:0,&quot;335559738&quot;:270,&quot;335559739&quot;:270,&quot;335559740&quot;:279}\"><br \/>\n<\/span><\/h4>\n<ul>\n<li data-leveltext=\"\uf0b7\" data-font=\"Symbol\" data-listid=\"1\" data-list-defn-props=\"{&quot;335552541&quot;:1,&quot;335559683&quot;:0,&quot;335559684&quot;:-2,&quot;335559685&quot;:720,&quot;335559991&quot;:360,&quot;469769226&quot;:&quot;Symbol&quot;,&quot;469769242&quot;:[8226],&quot;469777803&quot;:&quot;left&quot;,&quot;469777804&quot;:&quot;\uf0b7&quot;,&quot;469777815&quot;:&quot;hybridMultilevel&quot;}\" aria-setsize=\"-1\" data-aria-posinset=\"1\" data-aria-level=\"1\">\n<h4><b><span data-contrast=\"none\">562 vulnerable children and young people<\/span><\/b><span data-contrast=\"none\"> provided with care services.<\/span><span data-ccp-props=\"{&quot;201341983&quot;:0,&quot;335559739&quot;:0,&quot;335559740&quot;:279}\">\u00a0<\/span><\/h4>\n<\/li>\n<\/ul>\n<ul>\n<li data-leveltext=\"\uf0b7\" data-font=\"Symbol\" data-listid=\"1\" data-list-defn-props=\"{&quot;335552541&quot;:1,&quot;335559683&quot;:0,&quot;335559684&quot;:-2,&quot;335559685&quot;:720,&quot;335559991&quot;:360,&quot;469769226&quot;:&quot;Symbol&quot;,&quot;469769242&quot;:[8226],&quot;469777803&quot;:&quot;left&quot;,&quot;469777804&quot;:&quot;\uf0b7&quot;,&quot;469777815&quot;:&quot;hybridMultilevel&quot;}\" aria-setsize=\"-1\" data-aria-posinset=\"2\" data-aria-level=\"1\">\n<h4><b><span data-contrast=\"none\">90 schools<\/span><\/b><span data-contrast=\"none\"> improved with infrastructure, equipment, education, teacher training, parental literacy and environmental education and practices.<\/span><span data-ccp-props=\"{&quot;201341983&quot;:0,&quot;335559739&quot;:0,&quot;335559740&quot;:279}\">\u00a0<\/span><\/h4>\n<\/li>\n<\/ul>\n<ul>\n<li data-leveltext=\"\uf0b7\" data-font=\"Symbol\" data-listid=\"1\" data-list-defn-props=\"{&quot;335552541&quot;:1,&quot;335559683&quot;:0,&quot;335559684&quot;:-2,&quot;335559685&quot;:720,&quot;335559991&quot;:360,&quot;469769226&quot;:&quot;Symbol&quot;,&quot;469769242&quot;:[8226],&quot;469777803&quot;:&quot;left&quot;,&quot;469777804&quot;:&quot;\uf0b7&quot;,&quot;469777815&quot;:&quot;hybridMultilevel&quot;}\" aria-setsize=\"-1\" data-aria-posinset=\"3\" data-aria-level=\"1\">\n<h4><b><span data-contrast=\"none\">4,000 children<\/span><\/b><span data-contrast=\"none\"> received daily school lunches, and a further <strong>5,000 children<\/strong> received weekly school meals.<\/span><span data-ccp-props=\"{&quot;201341983&quot;:0,&quot;335559739&quot;:0,&quot;335559740&quot;:279}\">\u00a0<\/span><\/h4>\n<\/li>\n<\/ul>\n<ul>\n<li data-leveltext=\"\uf0b7\" data-font=\"Symbol\" data-listid=\"1\" data-list-defn-props=\"{&quot;335552541&quot;:1,&quot;335559683&quot;:0,&quot;335559684&quot;:-2,&quot;335559685&quot;:720,&quot;335559991&quot;:360,&quot;469769226&quot;:&quot;Symbol&quot;,&quot;469769242&quot;:[8226],&quot;469777803&quot;:&quot;left&quot;,&quot;469777804&quot;:&quot;\uf0b7&quot;,&quot;469777815&quot;:&quot;hybridMultilevel&quot;}\" aria-setsize=\"-1\" data-aria-posinset=\"4\" data-aria-level=\"1\">\n<h4><span data-contrast=\"none\">Established school canteens, kitchen gardens, and wash facilities at <strong>20 schools<\/strong>.<\/span><span data-ccp-props=\"{&quot;201341983&quot;:0,&quot;335559739&quot;:0,&quot;335559740&quot;:279}\">\u00a0<\/span><\/h4>\n<\/li>\n<\/ul>\n<ul>\n<li data-leveltext=\"\uf0b7\" data-font=\"Symbol\" data-listid=\"1\" data-list-defn-props=\"{&quot;335552541&quot;:1,&quot;335559683&quot;:0,&quot;335559684&quot;:-2,&quot;335559685&quot;:720,&quot;335559991&quot;:360,&quot;469769226&quot;:&quot;Symbol&quot;,&quot;469769242&quot;:[8226],&quot;469777803&quot;:&quot;left&quot;,&quot;469777804&quot;:&quot;\uf0b7&quot;,&quot;469777815&quot;:&quot;hybridMultilevel&quot;}\" aria-setsize=\"-1\" data-aria-posinset=\"5\" data-aria-level=\"1\">\n<h4><span data-contrast=\"none\">Improved exam pass rates by <strong>20%<\/strong> and reduced absenteeism from<strong> 13% to 3%.<\/strong><\/span><strong>\u00a0<\/strong><\/h4>\n<\/li>\n<\/ul>\n<h4><span class=\"TextRun MacChromeBold SCXW181155770 BCX0\" lang=\"EN-US\" xml:lang=\"EN-US\" data-contrast=\"none\"><span class=\"NormalTextRun SCXW181155770 BCX0\">Inclusive Education<\/span><\/span><\/h4>\n<h4><span class=\"TextRun SCXW181155770 BCX0\" lang=\"EN-US\" xml:lang=\"EN-US\" data-contrast=\"none\"><span class=\"NormalTextRun SCXW181155770 BCX0\">We are committed to inclusivity, ensuring that vulnerable and marginalized children are not left behind. <\/span><\/span><span class=\"TextRun Highlight SCXW181155770 BCX0\" lang=\"EN-US\" xml:lang=\"EN-US\" data-contrast=\"none\"><span class=\"NormalTextRun SCXW181155770 BCX0\">This includes <\/span><span class=\"NormalTextRun SCXW181155770 BCX0\">children from<\/span><\/span><span class=\"TextRun SCXW181155770 BCX0\" lang=\"EN-US\" xml:lang=\"EN-US\" data-contrast=\"none\"><span class=\"NormalTextRun SCXW181155770 BCX0\"> impoverished backgrounds and girls who often face <\/span><span class=\"NormalTextRun AdvancedProofingIssueV2Themed SCXW181155770 BCX0\">additional<\/span><span class=\"NormalTextRun SCXW181155770 BCX0\"> barriers to education. Our projects work to remove these obstacles, promoting equality and ensuring that every child has the chance to succeed.<\/span><\/span><span class=\"EOP SCXW181155770 BCX0\" data-ccp-props=\"{&quot;201341983&quot;:0,&quot;335559738&quot;:270,&quot;335559739&quot;:270,&quot;335559740&quot;:279}\">\u00a0<\/span><\/h4>\n<h4><iframe loading=\"lazy\" title=\"YouTube video player\" src=\"https:\/\/www.youtube.com\/embed\/LcUVCLvSUNg\" width=\"560\" height=\"315\" frameborder=\"0\" allowfullscreen=\"allowfullscreen\"><\/iframe><\/h4>\n<h4><span class=\"TextRun MacChromeBold SCXW123190708 BCX0\" lang=\"EN-US\" xml:lang=\"EN-US\" data-contrast=\"none\"><span class=\"NormalTextRun SCXW123190708 BCX0\">Life Skills and Vocational Training<\/span><\/span><\/h4>\n<h4><span class=\"TextRun SCXW123190708 BCX0\" lang=\"EN-US\" xml:lang=\"EN-US\" data-contrast=\"none\"><span class=\"NormalTextRun SCXW123190708 BCX0\">In addition to formal education, we recognize the importance of life skills and vocational training. These programs equip young people with practical skills that prepare them for employment and independent living. From agriculture to hospitality, our vocational training <\/span><span class=\"NormalTextRun SpellingErrorV2Themed SCXW123190708 BCX0\">cent<\/span><\/span><span class=\"TextRun Highlight SCXW123190708 BCX0\" lang=\"EN-US\" xml:lang=\"EN-US\" data-contrast=\"none\"><span class=\"NormalTextRun SpellingErrorV2Themed SCXW123190708 BCX0\">r<\/span><span class=\"NormalTextRun SpellingErrorV2Themed SCXW123190708 BCX0\">e<\/span><\/span><span class=\"TextRun SCXW123190708 BCX0\" lang=\"EN-US\" xml:lang=\"EN-US\" data-contrast=\"none\"><span class=\"NormalTextRun SpellingErrorV2Themed SCXW123190708 BCX0\">s<\/span><span class=\"NormalTextRun SCXW123190708 BCX0\"> offer a range of courses designed to match the needs of the local economy, providing students with the tools they need to build a sustainable future.<\/span><\/span><span class=\"EOP SCXW123190708 BCX0\" data-ccp-props=\"{&quot;201341983&quot;:0,&quot;335559738&quot;:270,&quot;335559739&quot;:270,&quot;335559740&quot;:279}\">\u00a0<\/span><\/h4>\n<h4><span class=\"TextRun MacChromeBold SCXW123669226 BCX0\" lang=\"EN-US\" xml:lang=\"EN-US\" data-contrast=\"none\"><span class=\"NormalTextRun SCXW123669226 BCX0\">Community Engagement and Support<\/span><\/span><span class=\"TextRun SCXW123669226 BCX0\" lang=\"EN-US\" xml:lang=\"EN-US\" data-contrast=\"none\"> <span class=\"NormalTextRun SCXW123669226 BCX0\">Through Education for Life<\/span><\/span><span class=\"EOP SCXW123669226 BCX0\" data-ccp-props=\"{&quot;201341983&quot;:0,&quot;335559738&quot;:270,&quot;335559739&quot;:270,&quot;335559740&quot;:279}\">\u00a0<\/span><\/h4>\n<h4><span class=\"EOP SCXW123669226 BCX0\" data-ccp-props=\"{&quot;201341983&quot;:0,&quot;335559738&quot;:270,&quot;335559739&quot;:270,&quot;335559740&quot;:279}\"><span class=\"TextRun SCXW108460949 BCX0\" lang=\"EN-US\" xml:lang=\"EN-US\" data-contrast=\"none\"><span class=\"NormalTextRun SCXW108460949 BCX0\">Education is a community effort, and <\/span><span class=\"NormalTextRun SpellingErrorV2Themed SCXW108460949 BCX0\">MfM<\/span><span class=\"NormalTextRun SCXW108460949 BCX0\"> works closely with local communities to support and enhance educational opportunities. We engage parents, teachers, and community leaders in our projects, ensuring that education <\/span><span class=\"NormalTextRun SCXW108460949 BCX0\">is valued and supported at every level. By fostering a culture of learning, we help build stronger, more resilient communities.<\/span><\/span><span class=\"EOP SCXW108460949 BCX0\" data-ccp-props=\"{&quot;201341983&quot;:0,&quot;335559738&quot;:270,&quot;335559739&quot;:270,&quot;335559740&quot;:279}\">\u00a0<\/span><br \/>\n<\/span><\/h4>\n<h4 style=\"text-align: center;\"><a href=\"https:\/\/moneyformadagascar.org\/education-for-life-programme-bringing-a-new-lease-of-life-to-the-community-around-the-epp-amboasarikely-school\/\"><strong>Read More About Our Work Here\u00a0<\/strong><\/a><\/h4>\n<h4><span class=\"TextRun MacChromeBold SCXW23946094 BCX0\" lang=\"EN-US\" xml:lang=\"EN-US\" data-contrast=\"none\"> <span class=\"NormalTextRun SCXW23946094 BCX0\">Long-Term Impact<\/span><\/span><span class=\"TextRun SCXW23946094 BCX0\" lang=\"EN-US\" xml:lang=\"EN-US\" data-contrast=\"none\"> <span class=\"NormalTextRun SCXW23946094 BCX0\">of MfM<\/span><\/span><span class=\"LineBreakBlob BlobObject DragDrop SCXW23946094 BCX0\"><span class=\"SCXW23946094 BCX0\">\u00a0<\/span><\/span><\/h4>\n<h4><span class=\"TextRun SCXW23946094 BCX0\" lang=\"EN-US\" xml:lang=\"EN-US\" data-contrast=\"none\"><span class=\"NormalTextRun SCXW23946094 BCX0\">Through our Education for Life <\/span><span class=\"NormalTextRun SpellingErrorV2Themed SCXW23946094 BCX0\">program<\/span><\/span><span class=\"TextRun Highlight SCXW23946094 BCX0\" lang=\"EN-US\" xml:lang=\"EN-US\" data-contrast=\"none\"><span class=\"NormalTextRun SpellingErrorV2Themed SCXW23946094 BCX0\">me<\/span> <\/span><span class=\"TextRun SCXW23946094 BCX0\" lang=\"EN-US\" xml:lang=\"EN-US\" data-contrast=\"none\"><span class=\"NormalTextRun SCXW23946094 BCX0\">we are not just educating children<\/span> <span class=\"NormalTextRun SCXW23946094 BCX0\">we are investing in the future of Madagascar. Education is the foundation for sustainable development, and by empowering the next generation, we are helping to create a brighter, more prosperous future for the entire country.<\/span><\/span><span class=\"EOP SCXW23946094 BCX0\" data-ccp-props=\"{&quot;201341983&quot;:0,&quot;335559738&quot;:270,&quot;335559739&quot;:270,&quot;335559740&quot;:279}\">\u00a0<\/span><\/h4>\n<h4><iframe loading=\"lazy\" title=\"YouTube video player\" src=\"https:\/\/www.youtube.com\/embed\/j5P1XD1SGU4\" width=\"560\" height=\"315\" frameborder=\"0\" allowfullscreen=\"allowfullscreen\"><\/iframe><\/h4>\n<ul>\n<li style=\"list-style-type: none; text-align: center;\"><\/li>\n<\/ul>\n<h4 style=\"text-align: center;\"><strong><a href=\"https:\/\/moneyformadagascar.org\/donate\/\"><span class=\"TextRun MacChromeBold SCXW255432338 BCX0\" lang=\"EN-US\" xml:lang=\"EN-US\" data-contrast=\"none\"><span class=\"NormalTextRun SCXW255432338 BCX0\">If <\/span><span class=\"NormalTextRun SCXW255432338 BCX0\">you would<\/span><span class=\"NormalTextRun SCXW255432338 BCX0\"> like to support our educational <\/span><span class=\"NormalTextRun SpellingErrorV2Themed SCXW255432338 BCX0\">programmes<\/span><span class=\"NormalTextRun SCXW255432338 BCX0\">, click here to donate.<\/span><\/span><\/a><\/strong><\/h4>\n<p><\/p>","protected":false},"excerpt":{"rendered":"<p>Miala tsiny fa tsy mbola misy amin&#8217;ny teny malagasy ity lahatsoratra ity. &nbsp; Empowering Education in Madagascar At Money for Madagascar (MfM), we know that education is the key to unlocking a brighter future for Madagascar\u2019s children. Our Education for Life programme is dedicated to giving children and young adults the skills, knowledge, and opportunities they need to rise out of poverty and build successful, fulfilling lives.\u00a0 FIND OUT MORE ABOUT EDUCATION FOR LIFE Holistic Education Support \u00a0 Education in Madagascar faces many challenges, from underfunded schools to a lack of resources and trained teachers. MfM addresses these issues by&#8230; <\/p>\n","protected":false},"author":1,"featured_media":17941,"parent":24,"menu_order":0,"comment_status":"closed","ping_status":"closed","template":"template-full-width.php","meta":{"footnotes":""},"class_list":["post-35","page","type-page","status-publish","has-post-thumbnail","hentry"],"_links":{"self":[{"href":"https:\/\/moneyformadagascar.org\/mg\/wp-json\/wp\/v2\/pages\/35","targetHints":{"allow":["GET"]}}],"collection":[{"href":"https:\/\/moneyformadagascar.org\/mg\/wp-json\/wp\/v2\/pages"}],"about":[{"href":"https:\/\/moneyformadagascar.org\/mg\/wp-json\/wp\/v2\/types\/page"}],"author":[{"embeddable":true,"href":"https:\/\/moneyformadagascar.org\/mg\/wp-json\/wp\/v2\/users\/1"}],"replies":[{"embeddable":true,"href":"https:\/\/moneyformadagascar.org\/mg\/wp-json\/wp\/v2\/comments?post=35"}],"version-history":[{"count":5,"href":"https:\/\/moneyformadagascar.org\/mg\/wp-json\/wp\/v2\/pages\/35\/revisions"}],"predecessor-version":[{"id":22548,"href":"https:\/\/moneyformadagascar.org\/mg\/wp-json\/wp\/v2\/pages\/35\/revisions\/22548"}],"up":[{"embeddable":true,"href":"https:\/\/moneyformadagascar.org\/mg\/wp-json\/wp\/v2\/pages\/24"}],"wp:featuredmedia":[{"embeddable":true,"href":"https:\/\/moneyformadagascar.org\/mg\/wp-json\/wp\/v2\/media\/17941"}],"wp:attachment":[{"href":"https:\/\/moneyformadagascar.org\/mg\/wp-json\/wp\/v2\/media?parent=35"}],"curies":[{"name":"wp","href":"https:\/\/api.w.org\/{rel}","templated":true}]}}